  {"id":708,"date":"2020-06-22T03:42:02","date_gmt":"2020-06-22T00:42:02","guid":{"rendered":"https:\/\/www.fortislojistik.com.tr\/?page_id=708"},"modified":"2020-06-22T03:57:44","modified_gmt":"2020-06-22T00:57:44","slug":"kariyer","status":"publish","type":"page","link":"https:\/\/www.fortislojistik.com.tr\/?page_id=708","title":{"rendered":"Kariyer"},"content":{"rendered":"<p>[vc_row full_width=&#8221;stretch_row_content&#8221; full_height=&#8221;yes&#8221; columns_placement=&#8221;stretch&#8221; equal_height=&#8221;yes&#8221; content_placement=&#8221;top&#8221;][vc_column width=&#8221;1\/2&#8243; css=&#8221;.vc_custom_1513589022004{background-color: #f5f5f5 !important;}&#8221; offset=&#8221;vc_col-xs-12&#8243;]<div class=\"cz_gap clr \" style=\"height: 25px\"><\/div><div id=\"cz_32152\" class=\"cz_32152 cz_title clr cz_title_pos_inline tac\"><div class=\"cz_title_content\"><div class=\"cz_wpe_content\"><p style=\"text-align: center;\"><span style=\"font-family: inherit; font-size: 38px;\"><span style=\"font-weight: 900; color: #446b7c;\">FORT\u0130S&#8217;TE <\/span><span style=\"font-weight: 200; color: #032a3b;\">KAR\u0130YER<\/span><\/span><\/p>\n<\/div><\/div><\/div><div id=\"cz_71357\" class=\"cz_71357 cz_title clr cz_title_pos_inline tac\"><div class=\"cz_title_content\"><div class=\"cz_wpe_content\"><p style=\"text-align: center;\"><span style=\"color: #666666;\">Ekibimizin bir par\u00e7as\u0131 olun, katk\u0131lar\u0131n\u0131zla i\u015fimize de\u011fer katal\u0131m ve birlikte hedeflerimize ula\u015f\u0131p ba\u015far\u0131y\u0131 yakalayal\u0131m.<\/span><\/p>\n<p style=\"text-align: center;\">\u0130\u015f ba\u015fvurusunda bulunmak i\u00e7in l\u00fctfen a\u015fa\u011f\u0131daki formu doldurup cv\u2019nizi eklemeyi unutmay\u0131n. Size mutlaka d\u00f6n\u00fc\u015f yapaca\u011f\u0131z.<\/p>\n<\/div><\/div><\/div><div class=\"cz_gap clr \" style=\"height: 25px\"><\/div><div id=\"cz_23628\" class=\"cz_23628 cz_cf7 clr\"><div>\n<div class=\"wpcf7 no-js\" id=\"wpcf7-f512-o1\" lang=\"en-US\" dir=\"ltr\" data-wpcf7-id=\"512\">\n<div class=\"screen-reader-response\"><p role=\"status\" aria-live=\"polite\" aria-atomic=\"true\"><\/p> <ul><\/ul><\/div>\n<form action=\"\/index.php?rest_route=%2Fwp%2Fv2%2Fpages%2F708#wpcf7-f512-o1\" method=\"post\" class=\"wpcf7-form init\" aria-label=\"Contact form\" enctype=\"multipart\/form-data\" novalidate=\"novalidate\" data-status=\"init\">\n<div style=\"display: none;\">\n<input type=\"hidden\" name=\"_wpcf7\" value=\"512\" \/>\n<input type=\"hidden\" name=\"_wpcf7_version\" value=\"6.0.6\" \/>\n<input type=\"hidden\" name=\"_wpcf7_locale\" value=\"en_US\" \/>\n<input type=\"hidden\" name=\"_wpcf7_unit_tag\" value=\"wpcf7-f512-o1\" \/>\n<input type=\"hidden\" name=\"_wpcf7_container_post\" value=\"0\" \/>\n<input type=\"hidden\" name=\"_wpcf7_posted_data_hash\" value=\"\" \/>\n<\/div>\n<p><span class=\"wpcf7-form-control-wrap\" data-name=\"your-name\"><input size=\"40\" maxlength=\"400\" class=\"wpcf7-form-control wpcf7-text wpcf7-validates-as-required\" aria-required=\"true\" aria-invalid=\"false\" placeholder=\"Ad\u0131n\u0131z Soyad\u0131n\u0131z\" value=\"\" type=\"text\" name=\"your-name\" \/><\/span>\n<\/p>\n<p><span class=\"wpcf7-form-control-wrap\" data-name=\"your-email\"><input size=\"40\" maxlength=\"400\" class=\"wpcf7-form-control wpcf7-email wpcf7-validates-as-required wpcf7-text wpcf7-validates-as-email\" aria-required=\"true\" aria-invalid=\"false\" placeholder=\"E-Posta Adresiniz\" value=\"\" type=\"email\" name=\"your-email\" \/><\/span>\n<\/p>\n<p><span class=\"wpcf7-form-control-wrap\" data-name=\"your-phone\"><input size=\"40\" maxlength=\"400\" class=\"wpcf7-form-control wpcf7-text\" aria-invalid=\"false\" placeholder=\"Telefon Numaran\u0131z\" value=\"\" type=\"text\" name=\"your-phone\" \/><\/span>\n<\/p>\n<p><label> CV Dosyan\u0131z <\/label><br \/>\n<span class=\"wpcf7-form-control-wrap\" data-name=\"cv\"><input size=\"40\" class=\"wpcf7-form-control wpcf7-file wpcf7-validates-as-required\" accept=\".pdf,.doc,.docx,.jpg,.jpeg\" aria-required=\"true\" aria-invalid=\"false\" type=\"file\" name=\"cv\" \/><\/span>\n<\/p>\n<p><span class=\"wpcf7-form-control-wrap\" data-name=\"your-message\"><textarea cols=\"40\" rows=\"10\" maxlength=\"2000\" class=\"wpcf7-form-control wpcf7-textarea\" aria-invalid=\"false\" placeholder=\"\u00d6nyaz\u0131\" name=\"your-message\"><\/textarea><\/span>\n<\/p>\n<p><input class=\"wpcf7-form-control wpcf7-submit has-spinner\" type=\"submit\" value=\"G\u00f6nder\" \/>\n<\/p><div class=\"wpcf7-response-output\" aria-hidden=\"true\"><\/div>\n<\/form>\n<\/div>\n<\/div><\/div>[\/vc_column][vc_column width=&#8221;1\/2&#8243; css=&#8221;.vc_custom_1592787370261{background-image: url(https:\/\/www.fortislojistik.com.tr\/wp-content\/uploads\/2020\/06\/kariyer.jpg?id=718) !important;background-position: center !important;background-repeat: no-repeat !important;background-size: cover !important;}&#8221; offset=&#8221;vc_col-xs-12&#8243;]<div class=\"cz_gap clr \" style=\"height: 100px\"><\/div>[\/vc_column][\/vc_row]<\/p>\n","protected":false},"excerpt":{"rendered":"<p>[vc_row full_width=&#8221;stretch_row_content&#8221; full_height=&#8221;yes&#8221; columns_placement=&#8221;stretch&#8221; equal_height=&#8221;yes&#8221; content_placement=&#8221;top&#8221;][vc_column width=&#8221;1\/2&#8243; css=&#8221;.vc_custom_1513589022004{background-color: #f5f5f5 !important;}&#8221; offset=&#8221;vc_col-xs-12&#8243;][\/vc_column][vc_column width=&#8221;1\/2&#8243; css=&#8221;.vc_custom_1592787370261{background-image: url(https:\/\/www.fortislojistik.com.tr\/wp-content\/uploads\/2020\/06\/kariyer.jpg?id=718) !important;background-position: center !important;background-repeat: no-repeat !important;background-size: cover &#8230; <\/p>\n","protected":false},"author":1,"featured_media":0,"parent":0,"menu_order":0,"comment_status":"closed","ping_status":"closed","template":"","meta":{"footnotes":""},"class_list":["post-708","page","type-page","status-publish","hentry"],"_links":{"self":[{"href":"https:\/\/www.fortislojistik.com.tr\/index.php?rest_route=\/wp\/v2\/pages\/708","targetHints":{"allow":["GET"]}}],"collection":[{"href":"https:\/\/www.fortislojistik.com.tr\/index.php?rest_route=\/wp\/v2\/pages"}],"about":[{"href":"https:\/\/www.fortislojistik.com.tr\/index.php?rest_route=\/wp\/v2\/types\/page"}],"author":[{"embeddable":true,"href":"https:\/\/www.fortislojistik.com.tr\/index.php?rest_route=\/wp\/v2\/users\/1"}],"replies":[{"embeddable":true,"href":"https:\/\/www.fortislojistik.com.tr\/index.php?rest_route=%2Fwp%2Fv2%2Fcomments&post=708"}],"version-history":[{"count":11,"href":"https:\/\/www.fortislojistik.com.tr\/index.php?rest_route=\/wp\/v2\/pages\/708\/revisions"}],"predecessor-version":[{"id":720,"href":"https:\/\/www.fortislojistik.com.tr\/index.php?rest_route=\/wp\/v2\/pages\/708\/revisions\/720"}],"wp:attachment":[{"href":"https:\/\/www.fortislojistik.com.tr\/index.php?rest_route=%2Fwp%2Fv2%2Fmedia&parent=708"}],"curies":[{"name":"wp","href":"https:\/\/api.w.org\/{rel}","templated":true}]}}