  {"id":532,"date":"2017-06-10T08:24:41","date_gmt":"2017-06-10T08:24:41","guid":{"rendered":"http:\/\/xtratheme.comconstruction\/?page_id=6"},"modified":"2020-03-24T04:33:36","modified_gmt":"2020-03-24T01:33:36","slug":"hakkimizda","status":"publish","type":"page","link":"https:\/\/www.fortislojistik.com.tr\/?page_id=532","title":{"rendered":"Hakk\u0131m\u0131zda"},"content":{"rendered":"<p>[vc_row][vc_column width=&#8221;1\/2&#8243;]<div id=\"cz_38234\" class=\"cz_38234 cz_title clr cz_mobile_text_center cz_title_pos_inline\"><div class=\"cz_title_content\"><div class=\"cz_wpe_content\"><div style=\"line-height: 1.3;\"><span style=\"font-size: 48px; font-family: Montserrat; color: #444444;\"><span style=\"color: #446b7c;\">B\u0130Z<\/span>\u00a0<span style=\"font-weight: 200;\">K\u0130M\u0130Z?<\/span><\/span><\/div>\n<\/div><\/div><\/div><div class=\"cz_gap clr \" style=\"height: 25px\"><\/div>[vc_column_text]<\/p>\n<div style=\"line-height: 1.3; text-align: justify;\">\n<p>Ege B\u00f6lgesinde nakliye sekt\u00f6r\u00fcne y\u00f6n veren \u00f6nc\u00fc \u015firketlerden biri olma yolunda ilerleyen Fortis Lojistik,m\u00fc\u015fteri memnuniyetini \u00f6nde tutan deneyimli ve uzman kadrolar\u0131,geni\u015f hizmet a\u011f\u0131,yenilenen ara\u00e7 filolar\u0131 ve geli\u015fen teknolojilerden yararlanma felsefesi ile m\u00fc\u015fterilerine beklentilerinin \u00fczerinde hizmetler sunmaktad\u0131r.<\/p>\n<p>Ayda 10 Bin konteyner ve\u00a0 240 Bin ton\u2019un \u00fczerinde nakliye faaliyetleri ve g\u00fc\u00e7l\u00fc filomuz ile alan\u0131nda b\u00fcy\u00fck i\u015flere kalite katarak eksiksiz bir m\u00fc\u015fteri memnuniyetini sa\u011fl\u0131yoruz.<\/p>\n<\/div>\n<p>[\/vc_column_text][\/vc_column][vc_column width=&#8221;1\/2&#8243;]<div id=\"cz_25824\" class=\"cz_25824 cz_image clr cz_image_no_fx\"><div class=\"\"><div class=\"cz_image_in\"><div class=\"cz_main_image\"><img loading=\"lazy\" decoding=\"async\" width=\"648\" height=\"360\" src=\"https:\/\/www.fortislojistik.com.tr\/wp-content\/uploads\/2020\/03\/anasag.jpg\" class=\"attachment-full\" alt=\"\" srcset=\"https:\/\/www.fortislojistik.com.tr\/wp-content\/uploads\/2020\/03\/anasag.jpg 648w, https:\/\/www.fortislojistik.com.tr\/wp-content\/uploads\/2020\/03\/anasag-300x167.jpg 300w, https:\/\/www.fortislojistik.com.tr\/wp-content\/uploads\/2020\/03\/anasag-600x333.jpg 600w\" sizes=\"auto, (max-width: 648px) 100vw, 648px\" \/><\/div><\/div><\/div><\/div>[\/vc_column][\/vc_row][vc_row][vc_column]<div class=\"cz_gap clr \" style=\"height: 100px\"><\/div>[\/vc_column][\/vc_row][vc_row full_width=&#8221;stretch_row&#8221; css=&#8221;.vc_custom_1505827233535{padding-top: 60px !important;padding-bottom: 60px !important;background-color: #f5f5f5 !important;}&#8221;][vc_column width=&#8221;1\/2&#8243;]<div id=\"cz_21552\" data-arrows='{\"open\":\"fa fa-angle-down\",\"close\":\"fa fa-angle-up\"}' class=\"cz_21552 cz_acc clr cz_acc_first_open\"><div><div><span class=\"cz_acc_child\"><i class=\"cz-acc-i cz-acc-icon fa fa-diamond\"><\/i><div>Kalite Politikam\u0131z<\/div><\/span><div class=\"cz_acc_child_content clr\">[vc_row_inner][vc_column_inner]<ul id=\"cz_41106\" class=\"cz_41106 cz_stylish_list clr cz_sl_icon_hover_zoom_in\"><li class=\"clr\"><div class=\"cz_sl_icon\"><i class=\"fa fa-check mr10\"><\/i><\/div><div><span>\u00dcst\u00fcn rekabet g\u00fcc\u00fcm\u00fcz\u00fc s\u00fcrd\u00fcrebilmek i\u00e7in faaliyetlerimizi d\u00fcnyan\u0131n en  iyileri ile k\u0131yaslamak<\/span><\/div><\/li><li class=\"clr\"><div class=\"cz_sl_icon\"><i class=\"fa fa-check mr10\"><\/i><\/div><div><span>M\u00fc\u015fterilerine sundu\u011fu yeni se\u00e7enekler ve  sekt\u00f6r\u00fcndeki m\u00fc\u015fteri beklentilerinin \u00fczerinde ger\u00e7ekle\u015ftirdi\u011fi hizmet ile s\u00fcrekli rekabet ortam\u0131 yaratmak<\/span><\/div><\/li><li class=\"clr\"><div class=\"cz_sl_icon\"><i class=\"fa fa-check mr10\"><\/i><\/div><div><span>Stratejik Y\u00f6netim Planlamas\u0131 kapsam\u0131nda faaliyetlerimizin \u201ckalite, maliyet, m\u00fc\u015fteri memnuniyeti ve s\u00fcrekli  iyile\u015ftirme \u201d olan etkisini irdelemek ve payda\u015f memnuniyetini artt\u0131rmak<\/span><\/div><\/li><li class=\"clr\"><div class=\"cz_sl_icon\"><i class=\"fa fa-check mr10\"><\/i><\/div><div><span>Ulusal ,uluslararas\u0131 yasal \u015fartlar\u0131 ve KYS \u015fartlar\u0131n\u0131 yerine getirmek ve KYS\u2019nin etkinli\u011fini s\u00fcrekli iyile\u015ftirmektir<\/span><\/div><\/li><\/ul>[\/vc_column_inner][\/vc_row_inner]<\/div><\/div><div><span class=\"cz_acc_child\"><i class=\"cz-acc-i cz-acc-icon fa czico-030-target-2\"><\/i><div>Misyonumuz<\/div><\/span><div class=\"cz_acc_child_content clr\"><ul id=\"cz_18847\" class=\"cz_18847 cz_stylish_list clr cz_sl_icon_hover_zoom_in\"><li class=\"clr\"><div class=\"cz_sl_icon\"><i class=\"fa fa-check mr10\"><\/i><\/div><div><span>Ta\u015f\u0131mac\u0131l\u0131k sekt\u00f6r\u00fcnde, d\u00fcnya ta\u015f\u0131mac\u0131l\u0131k  trendlerini yak\u0131ndan takip eden,<\/span><\/div><\/li><li class=\"clr\"><div class=\"cz_sl_icon\"><i class=\"fa fa-check mr10\"><\/i><\/div><div><span>M\u00fc\u015fteri istek ve beklentilerine uygun hizmet \u00fcreten,<\/span><\/div><\/li><li class=\"clr\"><div class=\"cz_sl_icon\"><i class=\"fa fa-check mr10\"><\/i><\/div><div><span>T\u00fcm payda\u015flar\u0131 (m\u00fc\u015fteri, hissedar, \u00e7al\u0131\u015fan, tedarik\u00e7i, toplum) i\u00e7in fayda yaratan ve payda\u015flar\u0131n\u0131n uzun vadeli sadakatini sa\u011flayan,<\/span><\/div><\/li><li class=\"clr\"><div class=\"cz_sl_icon\"><i class=\"fa fa-check mr10\"><\/i><\/div><div><span>Performans ve rekabette \u00fcst\u00fcn ba\u015far\u0131 elde eden bir kurulu\u015f olmak.<\/span><\/div><\/li><\/ul><\/div><\/div><div><span class=\"cz_acc_child\"><i class=\"cz-acc-i cz-acc-icon fa czico-077-like\"><\/i><div>Vizyonumuz<\/div><\/span><div class=\"cz_acc_child_content clr\"><ul id=\"cz_67934\" class=\"cz_67934 cz_stylish_list clr cz_sl_icon_hover_zoom_in\"><li class=\"clr\"><div class=\"cz_sl_icon\"><i class=\"fa fa-check mr10\"><\/i><\/div><div><span>Yo\u011funlu\u011fu s\u00fcrekli artan global rekabet ortam\u0131nda, pazar pay\u0131n\u0131 s\u00fcrekli art\u0131rarak sekt\u00f6r\u00fcnde d\u00fcnya lideri konumuna gelmek,<\/span><\/div><\/li><li class=\"clr\"><div class=\"cz_sl_icon\"><i class=\"fa fa-check mr10\"><\/i><\/div><div><span>Fortis \u015firketini T\u00fcrkiye\u2019nin global bir markas\u0131 haline getiren D\u00fcnya pazar\u0131nda kal\u0131c\u0131 bir yer edinen bir kurulu\u015f haline gelmektir.<\/span><\/div><\/li><li class=\"clr\"><div class=\"cz_sl_icon\"><i class=\"fa fa-check mr10\"><\/i><\/div><div><span>T\u00fcm payda\u015flar\u0131 (m\u00fc\u015fteri, hissedar, \u00e7al\u0131\u015fan, tedarik\u00e7i, toplum) i\u00e7in fayda yaratan ve payda\u015flar\u0131n\u0131n uzun vadeli sadakatini sa\u011flayan,<\/span><\/div><\/li><li class=\"clr\"><div class=\"cz_sl_icon\"><i class=\"fa fa-check mr10\"><\/i><\/div><div><span>Performans ve rekabette \u00fcst\u00fcn ba\u015far\u0131 elde eden bir kurulu\u015f olmak.<\/span><\/div><\/li><\/ul><\/div><\/div><\/div><\/div>[\/vc_column][vc_column width=&#8221;1\/2&#8243; css=&#8221;.vc_custom_1505830599961{padding-right: 80px !important;}&#8221;]<div class=\"cz_gap clr \" style=\"height: 10px\"><\/div><div id=\"cz_104872\" class=\"cz_104872 cz_title clr cz_mobile_text_center cz_title_pos_inline\"><div class=\"cz_title_content\"><div class=\"cz_wpe_content\"><div style=\"line-height: 1.3;\"><span style=\"font-size: 48px; font-family: Montserrat; color: #444444;\"><span style=\"color: #446b7c;\">NEDEN<\/span>\u00a0<span style=\"font-weight: 200;\">B\u0130Z?<\/span><\/span><\/div>\n<\/div><\/div><\/div><div class=\"cz_gap clr \" style=\"height: 25px\"><\/div><div id=\"cz_59452\" class=\"cz_59452 cz_title clr cz_mobile_text_center cz_title_pos_inline\"><div class=\"cz_title_content\"><div class=\"cz_wpe_content\"><p><span style=\"font-size: 16px; font-family: Montserrat; font-weight: 300;\">Fortis Lojistik olarak size en iyi hizmeti sunuyoruz. G\u00fc\u00e7l\u00fc filomuz ve alan\u0131nda uzman personelimizle daima haz\u0131r\u0131z.<\/span><\/p>\n<\/div><\/div><\/div><div class=\"cz_gap clr \" style=\"height: 20px\"><\/div><div class=\"cz_btn_left cz_mobile_btn_center\"><div class=\"cz_81224_p\"><a id=\"cz_81224\" class=\"cz_81224 cz_btn cz_btn_txt_no_fx cz_btn_absorber\" href=\"#\"><span><strong>Bize Ula\u015f\u0131n<\/strong><\/span><b class=\"cz_btn_onhover\"><strong>Bize Ula\u015f\u0131n<\/strong><\/b><\/a><\/div><\/div><div class=\"clr\"><\/div>[\/vc_column][\/vc_row]<\/p>\n","protected":false},"excerpt":{"rendered":"<p>[vc_row][vc_column width=&#8221;1\/2&#8243;][vc_column_text] Ege B\u00f6lgesinde nakliye sekt\u00f6r\u00fcne y\u00f6n veren \u00f6nc\u00fc \u015firketlerden biri olma yolunda ilerleyen Fortis Lojistik,m\u00fc\u015fteri memnuniyetini \u00f6nde tutan deneyimli &#8230; <\/p>\n","protected":false},"author":1,"featured_media":0,"parent":0,"menu_order":0,"comment_status":"closed","ping_status":"closed","template":"","meta":{"footnotes":""},"class_list":["post-532","page","type-page","status-publish","hentry"],"_links":{"self":[{"href":"https:\/\/www.fortislojistik.com.tr\/index.php?rest_route=\/wp\/v2\/pages\/532","targetHints":{"allow":["GET"]}}],"collection":[{"href":"https:\/\/www.fortislojistik.com.tr\/index.php?rest_route=\/wp\/v2\/pages"}],"about":[{"href":"https:\/\/www.fortislojistik.com.tr\/index.php?rest_route=\/wp\/v2\/types\/page"}],"author":[{"embeddable":true,"href":"https:\/\/www.fortislojistik.com.tr\/index.php?rest_route=\/wp\/v2\/users\/1"}],"replies":[{"embeddable":true,"href":"https:\/\/www.fortislojistik.com.tr\/index.php?rest_route=%2Fwp%2Fv2%2Fcomments&post=532"}],"version-history":[{"count":18,"href":"https:\/\/www.fortislojistik.com.tr\/index.php?rest_route=\/wp\/v2\/pages\/532\/revisions"}],"predecessor-version":[{"id":665,"href":"https:\/\/www.fortislojistik.com.tr\/index.php?rest_route=\/wp\/v2\/pages\/532\/revisions\/665"}],"wp:attachment":[{"href":"https:\/\/www.fortislojistik.com.tr\/index.php?rest_route=%2Fwp%2Fv2%2Fmedia&parent=532"}],"curies":[{"name":"wp","href":"https:\/\/api.w.org\/{rel}","templated":true}]}}