  {"id":531,"date":"2017-06-10T08:21:56","date_gmt":"2017-06-10T08:21:56","guid":{"rendered":"http:\/\/xtratheme.comconstruction\/?page_id=4"},"modified":"2023-01-05T02:26:13","modified_gmt":"2023-01-04T23:26:13","slug":"home","status":"publish","type":"page","link":"https:\/\/www.fortislojistik.com.tr\/","title":{"rendered":"Home"},"content":{"rendered":"<p>[vc_row][vc_column width=&#8221;1\/2&#8243; offset=&#8221;vc_col-lg-3&#8243;]<div class=\"fx_up\"><div id=\"cz_63899\" class=\"cz_63899 services clr style1 services_b\"><div class=\"service_custom\"><i class=\"fa czico-074-tick-inside-circle\"><\/i><\/div><div class=\"service_text\"><h3>%100 Memnuniyet<\/h3><div class=\"cz_wpe_content\"><div style=\"line-height: 1.3;\">\n<p class=\"Standard\">M\u00fc\u015fteri memnuniyetine \u00f6nem verir, g\u00fcvenli bir \u015fekilde ve tam zaman\u0131nda hizmetin tamamlanmas\u0131n\u0131 sa\u011flar\u0131z.<\/p>\n<\/div>\n<\/div><\/div><\/div><\/div>[\/vc_column][vc_column width=&#8221;1\/2&#8243; offset=&#8221;vc_col-lg-3&#8243;]<div class=\"fx_up_hover\"><div id=\"cz_19763\" class=\"cz_19763 services clr style1 services_b\"><div class=\"service_custom\"><i class=\"fas fa-code-branch\"><\/i><\/div><div class=\"service_text\"><h3>Modern Teknoloji<\/h3><div class=\"cz_wpe_content\"><div style=\"line-height: 1.3;\">Son teknolojileri yak\u0131ndan takip eder, size daima en iyi hizmeti sunar\u0131z.<\/div>\n<\/div><\/div><\/div><\/div>[\/vc_column][vc_column width=&#8221;1\/2&#8243; offset=&#8221;vc_col-lg-3&#8243;]<div class=\"fx_up_hover\"><div id=\"cz_71023\" class=\"cz_71023 services clr style1 services_b\"><div class=\"service_custom\"><i class=\"fas fa-umbrella\"><\/i><\/div><div class=\"service_text\"><h3>Sigorta G\u00fcvencesi<\/h3><div class=\"cz_wpe_content\"><div style=\"line-height: 1.3;\"><span lang=\"DE\">B\u00fct\u00fcn ara\u00e7 filomuz ve sizin de\u011ferli y\u00fckleriniz sigorta g\u00fcvencesindedir.<\/span><\/div>\n<\/div><\/div><\/div><\/div>[\/vc_column][vc_column width=&#8221;1\/2&#8243; offset=&#8221;vc_col-lg-3&#8243;]<div class=\"fx_up_hover\"><div id=\"cz_61311\" class=\"cz_61311 services clr style1 services_b\"><div class=\"service_custom\"><i class=\"fas fa-map-marked-alt\"><\/i><\/div><div class=\"service_text\"><h3>Takip Sistemi<\/h3><div class=\"cz_wpe_content\"><div style=\"line-height: 1.3;\">Operasyon ekibimiz taraf\u0131ndan ara\u00e7lar\u0131n anl\u0131k takipleri yap\u0131l\u0131r, d\u00fczenli olarak bilgilendirilirsiniz.<\/div>\n<\/div><\/div><\/div><\/div>[\/vc_column][\/vc_row][vc_row][vc_column]<div class=\"cz_gap clr \" style=\"height: 60px\"><\/div>[\/vc_column][\/vc_row][vc_row][vc_column width=&#8221;1\/2&#8243; css=&#8221;.vc_custom_1516700641005{padding-right: 30px !important;}&#8221;]<div id=\"cz_103067\" class=\"cz_103067 cz_title clr cz_title_pos_inline\"><div class=\"cz_title_content\"><span class=\"cz_line_side_solo\">_<\/span><div class=\"cz_wpe_content\"><h3 style=\"text-align: left;\">S\u0130Z RAHAT ED\u0130N D\u0130YE ZAMANINDA,G\u00dcVENL\u0130 B\u0130R \u015eEK\u0130LDE Y\u00dcK\u00dcN\u00dcZ\u00dc ALIYORUZ&#8230;<\/h3>\n<\/div><\/div><\/div><div class=\"cz_gap clr \" style=\"height: 25px\"><\/div>[vc_column_text]<\/p>\n<div style=\"line-height: 1.3; text-align: justify;\">\n<p>Ege B\u00f6lgesinde nakliye sekt\u00f6r\u00fcne y\u00f6n veren \u00f6nc\u00fc \u015firketlerden biri olma yolunda ilerleyen Fortis Lojistik,m\u00fc\u015fteri memnuniyetini \u00f6nde tutan deneyimli ve uzman kadrolar\u0131,geni\u015f hizmet a\u011f\u0131,yenilenen ara\u00e7 filolar\u0131 ve geli\u015fen teknolojilerden yararlanma felsefesi ile m\u00fc\u015fterilerine beklentilerinin \u00fczerinde hizmetler sunmaktad\u0131r.<\/p>\n<p>Ayda 10 Bin konteyner ve\u00a0 240 Bin ton&#8217;un \u00fczerinde nakliye faaliyetleri ve g\u00fc\u00e7l\u00fc filomuz ile alan\u0131nda b\u00fcy\u00fck i\u015flere kalite katarak eksiksiz bir m\u00fc\u015fteri memnuniyetini sa\u011fl\u0131yoruz.<\/p>\n<\/div>\n<p>[\/vc_column_text]<div class=\"\"><div class=\"cz_87598_p\"><a id=\"cz_87598\" class=\"cz_87598 cz_btn cz_btn_txt_no_fx cz_btn_no_fx cz_btn_icon_after\" href=\"#\"><span><strong>Bizi Yak\u0131ndan Tan\u0131y\u0131n<\/strong><i class=\"fas fa-long-arrow-alt-right\"><\/i><\/span><b class=\"cz_btn_onhover\"><strong>Bizi Yak\u0131ndan Tan\u0131y\u0131n<\/strong><i class=\"fas fa-long-arrow-alt-right\"><\/i><\/b><\/a><\/div><\/div>[\/vc_column][vc_column width=&#8221;1\/2&#8243;]<div id=\"cz_13437\" class=\"cz_13437 cz_image clr cz_image_no_fx\"><div class=\"\"><div class=\"cz_image_in\"><div class=\"cz_main_image\"><img loading=\"lazy\" decoding=\"async\" width=\"648\" height=\"360\" src=\"https:\/\/www.fortislojistik.com.tr\/wp-content\/uploads\/2020\/03\/anasag.jpg\" class=\"attachment-full\" alt=\"\" srcset=\"https:\/\/www.fortislojistik.com.tr\/wp-content\/uploads\/2020\/03\/anasag.jpg 648w, https:\/\/www.fortislojistik.com.tr\/wp-content\/uploads\/2020\/03\/anasag-300x167.jpg 300w, https:\/\/www.fortislojistik.com.tr\/wp-content\/uploads\/2020\/03\/anasag-600x333.jpg 600w\" sizes=\"auto, (max-width: 648px) 100vw, 648px\" \/><\/div><\/div><\/div><\/div>[\/vc_column][\/vc_row][vc_row][vc_column]<div class=\"cz_gap clr \" style=\"height: 40px\"><\/div>[\/vc_column][\/vc_row][vc_row full_width=&#8221;stretch_row_content_no_spaces&#8221;][vc_column]<div id=\"cz_67588\" class=\"cz_67588 gmap\" data-api-key=\"AIzaSyDlb5yYWNTX7KzJV0SReBRIdlOt96zZCDE\"> <\/div><div ><\/div><script type=\"text\/javascript\">\n\t\t\tfunction mapfucntion_cz_67588() {\n\t\t\t\tvar latlng = new google.maps.LatLng(38.431342389452624, 27.224140180988503);\n\t\t\t\tvar myOptions = {\n\t\t\t\t\tzoom: 15,\n\t\t\t\t\tcenter: latlng,\n\t\t\t\t\tscrollwheel: false,\n\t\t\t\t\tdisableDefaultUI: false\n\t\t\t\t};\n\t\t\t\tvar cz_67588 = new google.maps.Map(document.getElementById(\"cz_67588\"),\n\t\t\t\tmyOptions);\n\t\t\t\tvar styles = [{\"elementType\": \"geometry\",\"stylers\": [{\"color\": \"#f5f5f5\"}]},{\"elementType\": \"labels.icon\",\"stylers\": [{\"visibility\": \"off\"}]},{\"elementType\": \"labels.text.fill\",\"stylers\": [{\"color\": \"#616161\"}]},{\"elementType\": \"labels.text.stroke\",\"stylers\": [{\"color\": \"#f5f5f5\"}]},{\"featureType\": \"administrative.land_parcel\",\"elementType\": \"labels\",\"stylers\": [{\"visibility\": \"off\"}]},{\"featureType\": \"administrative.land_parcel\",\"elementType\": \"labels.text.fill\",\"stylers\": [{\"color\": \"#bdbdbd\"}]},{\"featureType\": \"poi\",\"elementType\": \"geometry\",\"stylers\": [{\"color\": \"#eeeeee\"}]},{\"featureType\": \"poi\",\"elementType\": \"labels.text\",\"stylers\": [{\"visibility\": \"off\"}]},{\"featureType\": \"poi\",\"elementType\": \"labels.text.fill\",\"stylers\": [{\"color\": \"#757575\"}]},{\"featureType\": \"poi.park\",\"elementType\": \"geometry\",\"stylers\": [{\"color\": \"#e5e5e5\"}]},{\"featureType\": \"poi.park\",\"elementType\": \"labels.text.fill\",\"stylers\": [{\"color\": \"#9e9e9e\"}]},{\"featureType\": \"road\",\"elementType\": \"geometry\",\"stylers\": [{\"color\": \"#ffffff\"}]},{\"featureType\": \"road.arterial\",\"elementType\": \"labels.text.fill\",\"stylers\": [{\"color\": \"#757575\"}]},{\"featureType\": \"road.highway\",\"elementType\": \"geometry\",\"stylers\": [{\"color\": \"#dadada\"}]},{\"featureType\": \"road.highway\",\"elementType\": \"labels.text.fill\",\"stylers\": [{\"color\": \"#616161\"}]},{\"featureType\": \"road.local\",\"elementType\": \"labels\",\"stylers\": [{\"visibility\": \"off\"}]},{\"featureType\": \"road.local\",\"elementType\": \"labels.text.fill\",\"stylers\": [{\"color\": \"#9e9e9e\"}]},{\"featureType\": \"transit.line\",\"elementType\": \"geometry\",\"stylers\": [{\"color\": \"#e5e5e5\"}]},{\"featureType\": \"transit.station\",\"elementType\": \"geometry\",\"stylers\": [{\"color\": \"#eeeeee\"}]},{\"featureType\": \"water\",\"elementType\": \"geometry\",\"stylers\": [{\"color\": \"#c9c9c9\"}]},{\"featureType\": \"water\",\"elementType\": \"labels.text.fill\",\"stylers\": [{\"color\": \"#9e9e9e\"}]}];var styledMap = new google.maps.StyledMapType(styles,{name: \"Styled Map\"});cz_67588.mapTypes.set(\"map_style\", styledMap);  cz_67588.setMapTypeId(\"map_style\");var image = \"https:\/\/www.fortislojistik.com.tr\/wp-content\/uploads\/2020\/03\/mapicon-1.png\";var marker = new google.maps.Marker({map: cz_67588,icon: image,position: cz_67588.getCenter()});}<\/script><div class=\"cz_free_position_element\" style=\"top:19%;left:4%;\"><div><div class=\"cz_eqh cz_content_box_parent_fx  \"><div id=\"cz_65078\" class=\"cz_65078 cz_content_box clr\"><div class=\"cz_box_front clr\"><div class=\"cz_box_front_inner clr \"><div><div id=\"cz_52112\" class=\"cz_52112 cz_title clr cz_title_has_icon cz_title_pos_inline\"><div class=\"cz_title_content\"><i class=\"cz_title_icon_before fa fa-envelope\"><\/i><div class=\"cz_wpe_content\"><h4><span style=\"font-size: 20px; color: #ffffff;\">E-Posta:<\/span><\/h4>\n<p><span style=\"font-size: 16px; color: #ffffff;\">info@fortislojistik.com.tr<\/span><\/p>\n<\/div><\/div><\/div><div id=\"cz_67573\" class=\"cz_67573 cz_title clr cz_title_has_icon cz_title_pos_inline\"><div class=\"cz_title_content\"><i class=\"cz_title_icon_before fa fa-phone\"><\/i><div class=\"cz_wpe_content\"><h4><span style=\"font-size: 20px; color: #ffffff;\">Telefon:<\/span><\/h4>\n<p><span style=\"font-size: 16px; color: #ffffff;\">+90 232 436 26 00<\/span><\/p>\n<\/div><\/div><\/div><div id=\"cz_84887\" class=\"cz_84887 cz_title clr cz_title_has_icon cz_title_pos_inline\"><div class=\"cz_title_content\"><i class=\"cz_title_icon_before fa czico-081-placeholder-2\"><\/i><div class=\"cz_wpe_content\"><h4><span style=\"font-size: 20px; color: #ffffff;\">Adres:<\/span><\/h4>\n<p><span style=\"font-size: 16px; color: #ffffff;\">Karacao\u011flan Mh, Kemalpa\u015fa Cd. No:295 \u0130\u00e7 Kap\u0131 No:13 Bornova\/\u0130zmir<\/span><\/p>\n<\/div><\/div><\/div><\/div><\/div><\/div><\/div><\/div><\/div><\/div>[\/vc_column][\/vc_row]<\/p>\n","protected":false},"excerpt":{"rendered":"<p>[vc_row][vc_column width=&#8221;1\/2&#8243; offset=&#8221;vc_col-lg-3&#8243;][\/vc_column][vc_column width=&#8221;1\/2&#8243; offset=&#8221;vc_col-lg-3&#8243;][\/vc_column][vc_column width=&#8221;1\/2&#8243; offset=&#8221;vc_col-lg-3&#8243;][\/vc_column][vc_column width=&#8221;1\/2&#8243; offset=&#8221;vc_col-lg-3&#8243;][\/vc_column][\/vc_row][vc_row][vc_column][\/vc_column][\/vc_row][vc_row][vc_column width=&#8221;1\/2&#8243; css=&#8221;.vc_custom_1516700641005{padding-right: 30px !important;}&#8221;][vc_column_text] Ege B\u00f6lgesinde nakliye sekt\u00f6r\u00fcne y\u00f6n veren \u00f6nc\u00fc &#8230; <\/p>\n","protected":false},"author":1,"featured_media":0,"parent":0,"menu_order":0,"comment_status":"closed","ping_status":"closed","template":"","meta":{"footnotes":""},"class_list":["post-531","page","type-page","status-publish","hentry"],"_links":{"self":[{"href":"https:\/\/www.fortislojistik.com.tr\/index.php?rest_route=\/wp\/v2\/pages\/531","targetHints":{"allow":["GET"]}}],"collection":[{"href":"https:\/\/www.fortislojistik.com.tr\/index.php?rest_route=\/wp\/v2\/pages"}],"about":[{"href":"https:\/\/www.fortislojistik.com.tr\/index.php?rest_route=\/wp\/v2\/types\/page"}],"author":[{"embeddable":true,"href":"https:\/\/www.fortislojistik.com.tr\/index.php?rest_route=\/wp\/v2\/users\/1"}],"replies":[{"embeddable":true,"href":"https:\/\/www.fortislojistik.com.tr\/index.php?rest_route=%2Fwp%2Fv2%2Fcomments&post=531"}],"version-history":[{"count":25,"href":"https:\/\/www.fortislojistik.com.tr\/index.php?rest_route=\/wp\/v2\/pages\/531\/revisions"}],"predecessor-version":[{"id":726,"href":"https:\/\/www.fortislojistik.com.tr\/index.php?rest_route=\/wp\/v2\/pages\/531\/revisions\/726"}],"wp:attachment":[{"href":"https:\/\/www.fortislojistik.com.tr\/index.php?rest_route=%2Fwp%2Fv2%2Fmedia&parent=531"}],"curies":[{"name":"wp","href":"https:\/\/api.w.org\/{rel}","templated":true}]}}