  {"id":18,"date":"2017-06-10T08:25:52","date_gmt":"2017-06-10T08:25:52","guid":{"rendered":"http:\/\/xtratheme.comconstruction\/?page_id=10"},"modified":"2023-01-05T02:27:19","modified_gmt":"2023-01-04T23:27:19","slug":"iletisim","status":"publish","type":"page","link":"https:\/\/www.fortislojistik.com.tr\/?page_id=18","title":{"rendered":"\u0130leti\u015fim"},"content":{"rendered":"<p>[vc_row][vc_column width=&#8221;1\/3&#8243;]<div id=\"cz_71195\" class=\"cz_71195 cz_title clr cz_title_has_icon cz_title_pos_inline\"><div class=\"cz_title_content\"><i class=\"cz_title_icon_before fa fa-envelope-o\"><\/i><div class=\"cz_wpe_content\"><h3><span style=\"color: #446b7c;\">E-Posta<\/span><\/h3>\n<p><span style=\"color: #aaaaaa; font-size: 14px;\">info@fortislojistik.com.tr<\/span><\/p>\n<\/div><\/div><\/div>[\/vc_column][vc_column width=&#8221;1\/3&#8243;]<div id=\"cz_70162\" class=\"cz_70162 cz_title clr cz_title_has_icon cz_title_pos_inline\"><div class=\"cz_title_content\"><i class=\"cz_title_icon_before fa fa-volume-control-phone\"><\/i><div class=\"cz_wpe_content\"><h3><span style=\"color: #446b7c;\">Telefon<\/span><\/h3>\n<p><span style=\"color: #aaaaaa; font-size: 14px;\">+90 232 436 26 00<\/span><\/p>\n<\/div><\/div><\/div>[\/vc_column][vc_column width=&#8221;1\/3&#8243;]<div id=\"cz_63565\" class=\"cz_63565 cz_title clr cz_title_has_icon cz_title_pos_inline\"><div class=\"cz_title_content\"><i class=\"cz_title_icon_before fa czico-084-placeholder\"><\/i><div class=\"cz_wpe_content\"><h3><span style=\"color: #446b7c;\">Adres<\/span><\/h3>\n<p><span style=\"font-size: 14px; color: #aaaaaa;\">Karacao\u011flan Mh, Kemalpa\u015fa Cd. No:295 \u0130\u00e7 Kap\u0131 No:13 Bornova\/\u0130zmir<\/span><\/p>\n<\/div><\/div><\/div>[\/vc_column][\/vc_row][vc_row][vc_column]<div class=\"cz_eqh cz_content_box_parent_fx  \"><div id=\"cz_31044\" class=\"cz_31044 cz_content_box clr\"><div class=\"cz_box_front clr\"><div class=\"cz_box_front_inner clr \"><div>[vc_row_inner][vc_column_inner width=&#8221;1\/2&#8243;]<div id=\"cz_33516\" class=\"cz_33516 cz_title clr cz_title_pos_inline\"><div class=\"cz_title_content\"><div class=\"cz_wpe_content\"><p><span style=\"font-size: 14px; color: #cccccc;\">G\u00f6r\u00fc\u015fleriniz bizim i\u00e7in alt\u0131n de\u011ferindedir. L\u00fctfen istek, \u00f6neri ya da \u015fikayetlerinizi bize ileti\u015fim formumuz arac\u0131l\u0131\u011f\u0131yla iletin.<\/span><\/p>\n<\/div><\/div><\/div><div class=\"cz_gap clr \" style=\"height: 30px\"><\/div><div id=\"cz_26187\" class=\"cz_26187 cz_cf7 clr\"><div>\n<div class=\"wpcf7 no-js\" id=\"wpcf7-f5-o1\" lang=\"tr-TR\" dir=\"ltr\" data-wpcf7-id=\"5\">\n<div class=\"screen-reader-response\"><p role=\"status\" aria-live=\"polite\" aria-atomic=\"true\"><\/p> <ul><\/ul><\/div>\n<form action=\"\/index.php?rest_route=%2Fwp%2Fv2%2Fpages%2F18#wpcf7-f5-o1\" method=\"post\" class=\"wpcf7-form init\" aria-label=\"\u0130leti\u015fim Formu\" novalidate=\"novalidate\" data-status=\"init\">\n<div style=\"display: none;\">\n<input type=\"hidden\" name=\"_wpcf7\" value=\"5\" \/>\n<input type=\"hidden\" name=\"_wpcf7_version\" value=\"6.0.6\" \/>\n<input type=\"hidden\" name=\"_wpcf7_locale\" value=\"tr_TR\" \/>\n<input type=\"hidden\" name=\"_wpcf7_unit_tag\" value=\"wpcf7-f5-o1\" \/>\n<input type=\"hidden\" name=\"_wpcf7_container_post\" value=\"0\" \/>\n<input type=\"hidden\" name=\"_wpcf7_posted_data_hash\" value=\"\" \/>\n<\/div>\n<p><label><br \/>\n<span class=\"wpcf7-form-control-wrap\" data-name=\"your-name\"><input size=\"40\" maxlength=\"400\" class=\"wpcf7-form-control wpcf7-text wpcf7-validates-as-required\" aria-required=\"true\" aria-invalid=\"false\" value=\"Ad\u0131n\u0131z\" type=\"text\" name=\"your-name\" \/><\/span> <\/label>\n<\/p>\n<p><label><br \/>\n<span class=\"wpcf7-form-control-wrap\" data-name=\"your-email\"><input size=\"40\" maxlength=\"400\" class=\"wpcf7-form-control wpcf7-email wpcf7-validates-as-required wpcf7-text wpcf7-validates-as-email\" aria-required=\"true\" aria-invalid=\"false\" value=\"E-Posta Adresiniz\" type=\"email\" name=\"your-email\" \/><\/span> <\/label>\n<\/p>\n<p><label><br \/>\n<span class=\"wpcf7-form-control-wrap\" data-name=\"your-subject\"><input size=\"40\" maxlength=\"400\" class=\"wpcf7-form-control wpcf7-text\" aria-invalid=\"false\" value=\"Telefon Numaran\u0131z\" type=\"text\" name=\"your-subject\" \/><\/span> <\/label>\n<\/p>\n<p><label><br \/>\n<span class=\"wpcf7-form-control-wrap\" data-name=\"your-message\"><textarea cols=\"40\" rows=\"10\" maxlength=\"2000\" class=\"wpcf7-form-control wpcf7-textarea\" aria-invalid=\"false\" name=\"your-message\">Mesaj\u0131n\u0131z<\/textarea><\/span> <\/label>\n<\/p>\n<p><input class=\"wpcf7-form-control wpcf7-submit has-spinner\" type=\"submit\" value=\"G\u00f6nder\" \/>\n<\/p><div class=\"wpcf7-response-output\" aria-hidden=\"true\"><\/div>\n<\/form>\n<\/div>\n<\/div><\/div>[\/vc_column_inner][vc_column_inner width=&#8221;1\/2&#8243;]<div id=\"cz_56889\" class=\"cz_56889 gmap\" data-api-key=\"AIzaSyDlb5yYWNTX7KzJV0SReBRIdlOt96zZCDE\"> <\/div><div ><\/div><script type=\"text\/javascript\">\n\t\t\tfunction mapfucntion_cz_56889() {\n\t\t\t\tvar latlng = new google.maps.LatLng(38.43136616088445, 27.224261563902353);\n\t\t\t\tvar myOptions = {\n\t\t\t\t\tzoom: 14,\n\t\t\t\t\tcenter: latlng,\n\t\t\t\t\tscrollwheel: false,\n\t\t\t\t\tdisableDefaultUI: false\n\t\t\t\t};\n\t\t\t\tvar cz_56889 = new google.maps.Map(document.getElementById(\"cz_56889\"),\n\t\t\t\tmyOptions);\n\t\t\t\tvar styles = [{\"elementType\": \"geometry\",\"stylers\": [{\"color\": \"#f5f5f5\"}]},{\"elementType\": \"labels.icon\",\"stylers\": [{\"visibility\": \"off\"}]},{\"elementType\": \"labels.text.fill\",\"stylers\": [{\"color\": \"#616161\"}]},{\"elementType\": \"labels.text.stroke\",\"stylers\": [{\"color\": \"#f5f5f5\"}]},{\"featureType\": \"administrative.land_parcel\",\"elementType\": \"labels\",\"stylers\": [{\"visibility\": \"off\"}]},{\"featureType\": \"administrative.land_parcel\",\"elementType\": \"labels.text.fill\",\"stylers\": [{\"color\": \"#bdbdbd\"}]},{\"featureType\": \"poi\",\"elementType\": \"geometry\",\"stylers\": [{\"color\": \"#eeeeee\"}]},{\"featureType\": \"poi\",\"elementType\": \"labels.text\",\"stylers\": [{\"visibility\": \"off\"}]},{\"featureType\": \"poi\",\"elementType\": \"labels.text.fill\",\"stylers\": [{\"color\": \"#757575\"}]},{\"featureType\": \"poi.park\",\"elementType\": \"geometry\",\"stylers\": [{\"color\": \"#e5e5e5\"}]},{\"featureType\": \"poi.park\",\"elementType\": \"labels.text.fill\",\"stylers\": [{\"color\": \"#9e9e9e\"}]},{\"featureType\": \"road\",\"elementType\": \"geometry\",\"stylers\": [{\"color\": \"#ffffff\"}]},{\"featureType\": \"road.arterial\",\"elementType\": \"labels.text.fill\",\"stylers\": [{\"color\": \"#757575\"}]},{\"featureType\": \"road.highway\",\"elementType\": \"geometry\",\"stylers\": [{\"color\": \"#dadada\"}]},{\"featureType\": \"road.highway\",\"elementType\": \"labels.text.fill\",\"stylers\": [{\"color\": \"#616161\"}]},{\"featureType\": \"road.local\",\"elementType\": \"labels\",\"stylers\": [{\"visibility\": \"off\"}]},{\"featureType\": \"road.local\",\"elementType\": \"labels.text.fill\",\"stylers\": [{\"color\": \"#9e9e9e\"}]},{\"featureType\": \"transit.line\",\"elementType\": \"geometry\",\"stylers\": [{\"color\": \"#e5e5e5\"}]},{\"featureType\": \"transit.station\",\"elementType\": \"geometry\",\"stylers\": [{\"color\": \"#eeeeee\"}]},{\"featureType\": \"water\",\"elementType\": \"geometry\",\"stylers\": [{\"color\": \"#c9c9c9\"}]},{\"featureType\": \"water\",\"elementType\": \"labels.text.fill\",\"stylers\": [{\"color\": \"#9e9e9e\"}]}];var styledMap = new google.maps.StyledMapType(styles,{name: \"Styled Map\"});cz_56889.mapTypes.set(\"map_style\", styledMap);  cz_56889.setMapTypeId(\"map_style\");var image = \"https:\/\/www.fortislojistik.com.tr\/wp-content\/uploads\/2020\/03\/mapicon-1.png\";var marker = new google.maps.Marker({map: cz_56889,icon: image,position: cz_56889.getCenter()});}<\/script>[\/vc_column_inner][\/vc_row_inner]<\/div><\/div><\/div><\/div><\/div>[\/vc_column][\/vc_row][vc_row][vc_column]<div class=\"cz_btn_block\"><div class=\"cz_79352_p\"><a id=\"cz_79352\" class=\"cz_79352 cz_btn cz_btn_txt_no_fx cz_btn_no_fx\" href=\"#\"><span><i class=\"fa fa-volume-control-phone\"><\/i><strong>B\u0130Z\u0130 ARAYIN +90 232 436 26 00<\/strong><\/span><b class=\"cz_btn_onhover\"><i class=\"fa fa-volume-control-phone\"><\/i><strong>B\u0130Z\u0130 ARAYIN +90 232 436 26 00<\/strong><\/b><\/a><\/div><\/div>[\/vc_column][\/vc_row]<\/p>\n","protected":false},"excerpt":{"rendered":"<p>[vc_row][vc_column width=&#8221;1\/3&#8243;][\/vc_column][vc_column width=&#8221;1\/3&#8243;][\/vc_column][vc_column width=&#8221;1\/3&#8243;][\/vc_column][\/vc_row][vc_row][vc_column][\/vc_column][\/vc_row][vc_row][vc_column][\/vc_column][\/vc_row] &#8230; <\/p>\n","protected":false},"author":1,"featured_media":0,"parent":0,"menu_order":0,"comment_status":"closed","ping_status":"closed","template":"","meta":{"footnotes":""},"class_list":["post-18","page","type-page","status-publish","hentry"],"_links":{"self":[{"href":"https:\/\/www.fortislojistik.com.tr\/index.php?rest_route=\/wp\/v2\/pages\/18","targetHints":{"allow":["GET"]}}],"collection":[{"href":"https:\/\/www.fortislojistik.com.tr\/index.php?rest_route=\/wp\/v2\/pages"}],"about":[{"href":"https:\/\/www.fortislojistik.com.tr\/index.php?rest_route=\/wp\/v2\/types\/page"}],"author":[{"embeddable":true,"href":"https:\/\/www.fortislojistik.com.tr\/index.php?rest_route=\/wp\/v2\/users\/1"}],"replies":[{"embeddable":true,"href":"https:\/\/www.fortislojistik.com.tr\/index.php?rest_route=%2Fwp%2Fv2%2Fcomments&post=18"}],"version-history":[{"count":13,"href":"https:\/\/www.fortislojistik.com.tr\/index.php?rest_route=\/wp\/v2\/pages\/18\/revisions"}],"predecessor-version":[{"id":727,"href":"https:\/\/www.fortislojistik.com.tr\/index.php?rest_route=\/wp\/v2\/pages\/18\/revisions\/727"}],"wp:attachment":[{"href":"https:\/\/www.fortislojistik.com.tr\/index.php?rest_route=%2Fwp%2Fv2%2Fmedia&parent=18"}],"curies":[{"name":"wp","href":"https:\/\/api.w.org\/{rel}","templated":true}]}}