  {"id":17,"date":"2017-06-10T08:25:36","date_gmt":"2017-06-10T08:25:36","guid":{"rendered":"http:\/\/xtratheme.comconstruction\/?page_id=8"},"modified":"2020-03-24T05:11:28","modified_gmt":"2020-03-24T02:11:28","slug":"hizmetlerimiz","status":"publish","type":"page","link":"https:\/\/www.fortislojistik.com.tr\/?page_id=17","title":{"rendered":"Hizmetlerimiz"},"content":{"rendered":"<p>[vc_row full_width=&#8221;stretch_row_content_no_spaces&#8221; full_height=&#8221;yes&#8221; columns_placement=&#8221;stretch&#8221; equal_height=&#8221;yes&#8221; content_placement=&#8221;middle&#8221;][vc_column width=&#8221;1\/2&#8243; css=&#8221;.vc_custom_1513589022004{background-color: #f5f5f5 !important;}&#8221; offset=&#8221;vc_col-xs-12&#8243;]<div id=\"cz_72692\" class=\"cz_72692 cz_title clr cz_title_pos_inline tac\"><div class=\"cz_title_content\"><div class=\"cz_wpe_content\"><p style=\"text-align: center;\"><span style=\"font-family: inherit; font-size: 38px;\"><span style=\"font-weight: 900; color: #446b7c;\">KONTEYNER <\/span><span style=\"font-weight: 200; color: #032a3b;\">TA\u015eIMACILI\u011eI<\/span><\/span><\/p>\n<\/div><\/div><\/div><div id=\"cz_91361\" class=\"cz_91361 cz_title clr cz_title_pos_inline tac\"><div class=\"cz_title_content\"><div class=\"cz_wpe_content\"><p style=\"text-align: center;\"><span style=\"color: #666666;\">T\u00fcrkiye&#8217;de konteynerlerimizi her seferinde zaman\u0131nda teslim etme konusunda bilgi sahibiyiz.<br \/>\nHer t\u00fcrl\u00fc ithalat-ihracat ve aktarmalar\u0131n\u0131z\u0131,e\u011fitimli personelimiz arac\u0131l\u0131\u011f\u0131 ile en son teknolojilerle donat\u0131lm\u0131\u015f modern ve geni\u015f filomuz ile T\u00fcrkiye&#8217;nin her b\u00f6lgesine bu hizmeti sa\u011flamaktay\u0131z.<br \/>\n<\/span><\/p>\n<\/div><\/div><\/div><div class=\"cz_btn_center\"><div class=\"cz_85719_p\"><a id=\"cz_85719\" class=\"cz_85719 cz_btn cz_btn_show_hidden_icon cz_btn_no_fx cz_btn_icon_after\" href=\"#\"><span><strong>Teklif Al<\/strong><i class=\"fas fa-long-arrow-alt-right\"><\/i><\/span><b class=\"cz_btn_onhover\"><strong>Teklif Al<\/strong><i class=\"fas fa-long-arrow-alt-right\"><\/i><\/b><\/a><\/div><\/div>[\/vc_column][vc_column width=&#8221;1\/2&#8243; css=&#8221;.vc_custom_1585014675394{background-image: url(https:\/\/www.fortislojistik.com.tr\/wp-content\/uploads\/2020\/03\/sld1.jpg?id=645) !important;background-position: center !important;background-repeat: no-repeat !important;background-size: cover !important;}&#8221; offset=&#8221;vc_col-xs-12&#8243;]<div class=\"cz_gap clr \" style=\"height: 100px\"><\/div>[\/vc_column][\/vc_row][vc_row full_width=&#8221;stretch_row_content_no_spaces&#8221; full_height=&#8221;yes&#8221; columns_placement=&#8221;stretch&#8221; equal_height=&#8221;yes&#8221; content_placement=&#8221;middle&#8221;][vc_column width=&#8221;1\/2&#8243; css=&#8221;.vc_custom_1585014926281{background-image: url(https:\/\/www.fortislojistik.com.tr\/wp-content\/uploads\/2020\/03\/sld2.jpg?id=646) !important;background-position: center !important;background-repeat: no-repeat !important;background-size: cover !important;}&#8221; offset=&#8221;vc_col-xs-12&#8243;]<div class=\"cz_gap clr \" style=\"height: 100px\"><\/div>[\/vc_column][vc_column width=&#8221;1\/2&#8243; css=&#8221;.vc_custom_1513589022004{background-color: #f5f5f5 !important;}&#8221; offset=&#8221;vc_col-xs-12&#8243;]<div id=\"cz_95116\" class=\"cz_95116 cz_title clr cz_title_pos_inline tac\"><div class=\"cz_title_content\"><div class=\"cz_wpe_content\"><p style=\"text-align: center;\"><span style=\"font-family: inherit; font-size: 38px;\"><span style=\"font-weight: 900; color: #446b7c;\">GEM\u0130 <\/span><span style=\"font-weight: 200; color: #032a3b;\">BO\u015eALTMA &amp; Y\u00dcKLEME<\/span><\/span><\/p>\n<\/div><\/div><\/div><div id=\"cz_13246\" class=\"cz_13246 cz_title clr cz_title_pos_inline tac\"><div class=\"cz_title_content\"><div class=\"cz_wpe_content\"><p style=\"text-align: center;\"><span style=\"color: #666666;\">Her t\u00fcrl\u00fc liman hizmetlerini,gemi bo\u015faltma ve y\u00fckleme i\u015flerini,g\u00fcvenilir ekonomik ve kaliteli bir \u015fekilde yapmaktad\u0131r.Firmam\u0131z bu alanda deneyimli bir \u00e7al\u0131\u015fan kadrosuna ve y\u00fcksek kapasitede ara\u00e7,ekipman say\u0131s\u0131na sahiptir.<br \/>\n<\/span><\/p>\n<\/div><\/div><\/div><div class=\"cz_btn_center\"><div class=\"cz_85719_p\"><a id=\"cz_85719\" class=\"cz_85719 cz_btn cz_btn_show_hidden_icon cz_btn_no_fx cz_btn_icon_after\" href=\"#\"><span><strong>Teklif Al<\/strong><i class=\"fas fa-long-arrow-alt-right\"><\/i><\/span><b class=\"cz_btn_onhover\"><strong>Teklif Al<\/strong><i class=\"fas fa-long-arrow-alt-right\"><\/i><\/b><\/a><\/div><\/div>[\/vc_column][\/vc_row][vc_row full_width=&#8221;stretch_row_content_no_spaces&#8221; full_height=&#8221;yes&#8221; columns_placement=&#8221;stretch&#8221; equal_height=&#8221;yes&#8221; content_placement=&#8221;middle&#8221;][vc_column width=&#8221;1\/2&#8243; css=&#8221;.vc_custom_1513589022004{background-color: #f5f5f5 !important;}&#8221; offset=&#8221;vc_col-xs-12&#8243;]<div id=\"cz_80001\" class=\"cz_80001 cz_title clr cz_title_pos_inline tac\"><div class=\"cz_title_content\"><div class=\"cz_wpe_content\"><p style=\"text-align: center;\"><span style=\"font-family: inherit; font-size: 38px;\"><span style=\"font-weight: 900; color: #446b7c;\">D\u00d6KME Y\u00dcK <\/span><span style=\"font-weight: 200; color: #032a3b;\">TA\u015eIMACILI\u011eI<\/span><\/span><\/p>\n<\/div><\/div><\/div><div id=\"cz_75570\" class=\"cz_75570 cz_title clr cz_title_pos_inline tac\"><div class=\"cz_title_content\"><div class=\"cz_wpe_content\"><p style=\"text-align: center;\"><span style=\"color: #666666;\">D\u00f6kme y\u00fck ta\u015f\u0131mac\u0131l\u0131\u011f\u0131nda etkin \u00e7\u00f6z\u00fcmler sunan,vizyonu olan g\u00fc\u00e7l\u00fc bir yol orta\u011f\u0131d\u0131r.B\u00fcy\u00fck ve kapsaml\u0131 katma de\u011ferli lojistik hizmetleri,\u00e7ok ama\u00e7l\u0131 g\u00fc\u00e7l\u00fc ekipmanlar\u0131yla ve profesyonel kadrosuyla b\u00fct\u00fcn s\u00fcre\u00e7leri kontrol alt\u0131nda tutan g\u00fc\u00e7l\u00fc bir yap\u0131ya sahiptir.<br \/>\n<\/span><\/p>\n<\/div><\/div><\/div><div class=\"cz_btn_center\"><div class=\"cz_85719_p\"><a id=\"cz_85719\" class=\"cz_85719 cz_btn cz_btn_show_hidden_icon cz_btn_no_fx cz_btn_icon_after\" href=\"#\"><span><strong>Teklif Al<\/strong><i class=\"fas fa-long-arrow-alt-right\"><\/i><\/span><b class=\"cz_btn_onhover\"><strong>Teklif Al<\/strong><i class=\"fas fa-long-arrow-alt-right\"><\/i><\/b><\/a><\/div><\/div>[\/vc_column][vc_column width=&#8221;1\/2&#8243; css=&#8221;.vc_custom_1585015152529{background-image: url(https:\/\/www.fortislojistik.com.tr\/wp-content\/uploads\/2020\/03\/dokme.jpg?id=689) !important;background-position: center !important;background-repeat: no-repeat !important;background-size: cover !important;}&#8221; offset=&#8221;vc_col-xs-12&#8243;]<div class=\"cz_gap clr \" style=\"height: 100px\"><\/div>[\/vc_column][\/vc_row][vc_row full_width=&#8221;stretch_row_content_no_spaces&#8221; full_height=&#8221;yes&#8221; columns_placement=&#8221;stretch&#8221; equal_height=&#8221;yes&#8221; content_placement=&#8221;middle&#8221;][vc_column width=&#8221;1\/2&#8243; css=&#8221;.vc_custom_1585015438295{background-image: url(https:\/\/www.fortislojistik.com.tr\/wp-content\/uploads\/2020\/03\/client-tanker.jpg?id=695) !important;background-position: center !important;background-repeat: no-repeat !important;background-size: cover !important;}&#8221; offset=&#8221;vc_col-xs-12&#8243;]<div class=\"cz_gap clr \" style=\"height: 100px\"><\/div>[\/vc_column][vc_column width=&#8221;1\/2&#8243; css=&#8221;.vc_custom_1513589022004{background-color: #f5f5f5 !important;}&#8221; offset=&#8221;vc_col-xs-12&#8243;]<div id=\"cz_75767\" class=\"cz_75767 cz_title clr cz_title_pos_inline tac\"><div class=\"cz_title_content\"><div class=\"cz_wpe_content\"><p style=\"text-align: center;\"><span style=\"font-family: inherit; font-size: 38px;\"><span style=\"font-weight: 900; color: #446b7c;\">ADR&#8217;L\u0130 Y\u00dcK <\/span><span style=\"font-weight: 200; color: #032a3b;\">TA\u015eIMACILI\u011eI<\/span><\/span><\/p>\n<\/div><\/div><\/div><div id=\"cz_61655\" class=\"cz_61655 cz_title clr cz_title_pos_inline tac\"><div class=\"cz_title_content\"><div class=\"cz_wpe_content\"><p style=\"text-align: center;\"><span style=\"color: #666666;\">Lojistik sekt\u00f6r\u00fcnde ADR&#8217;li ta\u015f\u0131mac\u0131l\u0131k risk te\u015fkil etmektedir.Firmam\u0131z ADR&#8217;li ta\u015f\u0131mac\u0131l\u0131\u011fa uygun donan\u0131ml\u0131 ara\u00e7lara ve gerekli belgelere sahiptir.Ayr\u0131ca g\u00fcvenlil a\u00e7\u0131s\u0131ndan ta\u015f\u0131nan \u00fcr\u00fcnleri &#8221;Pergo&#8221;<br \/>\ntakip sistemi ile s\u00fcrekli takip etmekteyiz.<\/span><\/p>\n<p>&nbsp;<\/p>\n<\/div><\/div><\/div><div class=\"cz_btn_center\"><div class=\"cz_85719_p\"><a id=\"cz_85719\" class=\"cz_85719 cz_btn cz_btn_show_hidden_icon cz_btn_no_fx cz_btn_icon_after\" href=\"#\"><span><strong>Teklif Al<\/strong><i class=\"fas fa-long-arrow-alt-right\"><\/i><\/span><b class=\"cz_btn_onhover\"><strong>Teklif Al<\/strong><i class=\"fas fa-long-arrow-alt-right\"><\/i><\/b><\/a><\/div><\/div>[\/vc_column][\/vc_row][vc_row full_width=&#8221;stretch_row_content_no_spaces&#8221; full_height=&#8221;yes&#8221; columns_placement=&#8221;stretch&#8221; equal_height=&#8221;yes&#8221; content_placement=&#8221;middle&#8221;][vc_column width=&#8221;1\/2&#8243; css=&#8221;.vc_custom_1513589022004{background-color: #f5f5f5 !important;}&#8221; offset=&#8221;vc_col-xs-12&#8243;]<div id=\"cz_106849\" class=\"cz_106849 cz_title clr cz_title_pos_inline tac\"><div class=\"cz_title_content\"><div class=\"cz_wpe_content\"><p style=\"text-align: center;\"><span style=\"font-family: inherit; font-size: 38px;\"><span style=\"font-weight: 900; color: #446b7c;\">JENERAT\u00d6RL\u00dc GEN-SET&#8217;L\u0130 <\/span><span style=\"font-weight: 200; color: #032a3b;\">Y\u00dcK TA\u015eIMACILI\u011eI<\/span><\/span><\/p>\n<\/div><\/div><\/div><div id=\"cz_94025\" class=\"cz_94025 cz_title clr cz_title_pos_inline tac\"><div class=\"cz_title_content\"><div class=\"cz_wpe_content\"><p style=\"text-align: center;\"><span style=\"color: #666666;\">\u00d6zellikle g\u0131da \u015firketlerinin tercih etti\u011fi jenerat\u00f6rl\u00fc gensetli ara\u00e7lar\u0131m\u0131z ile yurdun bir\u00e7ok yerine g\u00fcvenle ula\u015fmas\u0131n\u0131 sa\u011flamaktad\u0131r.<br \/>\n<\/span><\/p>\n<\/div><\/div><\/div><div class=\"cz_btn_center\"><div class=\"cz_85719_p\"><a id=\"cz_85719\" class=\"cz_85719 cz_btn cz_btn_show_hidden_icon cz_btn_no_fx cz_btn_icon_after\" href=\"#\"><span><strong>Teklif Al<\/strong><i class=\"fas fa-long-arrow-alt-right\"><\/i><\/span><b class=\"cz_btn_onhover\"><strong>Teklif Al<\/strong><i class=\"fas fa-long-arrow-alt-right\"><\/i><\/b><\/a><\/div><\/div>[\/vc_column][vc_column width=&#8221;1\/2&#8243; css=&#8221;.vc_custom_1585015809280{background-image: url(https:\/\/www.fortislojistik.com.tr\/wp-content\/uploads\/2020\/03\/jeneratorlu-1.jpg?id=700) !important;background-position: center !important;background-repeat: no-repeat !important;background-size: cover !important;}&#8221; offset=&#8221;vc_col-xs-12&#8243;]<div class=\"cz_gap clr \" style=\"height: 100px\"><\/div>[\/vc_column][\/vc_row]<\/p>\n","protected":false},"excerpt":{"rendered":"<p>[vc_row full_width=&#8221;stretch_row_content_no_spaces&#8221; full_height=&#8221;yes&#8221; columns_placement=&#8221;stretch&#8221; equal_height=&#8221;yes&#8221; content_placement=&#8221;middle&#8221;][vc_column width=&#8221;1\/2&#8243; css=&#8221;.vc_custom_1513589022004{background-color: #f5f5f5 !important;}&#8221; offset=&#8221;vc_col-xs-12&#8243;][\/vc_column][vc_column width=&#8221;1\/2&#8243; css=&#8221;.vc_custom_1585014675394{background-image: url(https:\/\/www.fortislojistik.com.tr\/wp-content\/uploads\/2020\/03\/sld1.jpg?id=645) !important;background-position: center !important;background-repeat: no-repeat !important;background-size: cover &#8230; <\/p>\n","protected":false},"author":1,"featured_media":0,"parent":0,"menu_order":0,"comment_status":"closed","ping_status":"closed","template":"","meta":{"footnotes":""},"class_list":["post-17","page","type-page","status-publish","hentry"],"_links":{"self":[{"href":"https:\/\/www.fortislojistik.com.tr\/index.php?rest_route=\/wp\/v2\/pages\/17","targetHints":{"allow":["GET"]}}],"collection":[{"href":"https:\/\/www.fortislojistik.com.tr\/index.php?rest_route=\/wp\/v2\/pages"}],"about":[{"href":"https:\/\/www.fortislojistik.com.tr\/index.php?rest_route=\/wp\/v2\/types\/page"}],"author":[{"embeddable":true,"href":"https:\/\/www.fortislojistik.com.tr\/index.php?rest_route=\/wp\/v2\/users\/1"}],"replies":[{"embeddable":true,"href":"https:\/\/www.fortislojistik.com.tr\/index.php?rest_route=%2Fwp%2Fv2%2Fcomments&post=17"}],"version-history":[{"count":19,"href":"https:\/\/www.fortislojistik.com.tr\/index.php?rest_route=\/wp\/v2\/pages\/17\/revisions"}],"predecessor-version":[{"id":701,"href":"https:\/\/www.fortislojistik.com.tr\/index.php?rest_route=\/wp\/v2\/pages\/17\/revisions\/701"}],"wp:attachment":[{"href":"https:\/\/www.fortislojistik.com.tr\/index.php?rest_route=%2Fwp%2Fv2%2Fmedia&parent=17"}],"curies":[{"name":"wp","href":"https:\/\/api.w.org\/{rel}","templated":true}]}}